{"id":541,"date":"2024-07-17T03:10:11","date_gmt":"2024-07-17T03:10:11","guid":{"rendered":"https:\/\/sites.monroecc.edu\/multivariablecalculus\/?page_id=541"},"modified":"2024-11-18T03:22:16","modified_gmt":"2024-11-18T03:22:16","slug":"actividad-de-aprendizaje-para-revisar-integracion-multiple","status":"publish","type":"page","link":"https:\/\/sites.monroecc.edu\/multivariablecalculus\/actividad-de-aprendizaje-para-revisar-integracion-multiple\/","title":{"rendered":"Actividad de Aprendizaje para Revisar Integraci\u00f3n Multiple"},"content":{"rendered":"<p>Esta actividad est\u00e1 dise\u00f1ada para ayudar a los estudiantes a revisar su comprensi\u00f3n de integrales dobles y triples en varios sistemas de coordenadas. No dudes en adaptarlo para cubrir un subconjunto de estas opciones y que se adapte mejor a tu curso.<\/p>\n<p>Note que la versi\u00f3n en espa\u00f1ol es una versi\u00f3n abreviada de la versi\u00f3n en ingl\u00e9s.<\/p>\n<p>Vea el PDF de esta actividad aqu\u00ed: <strong><a href=\"https:\/\/c3d.libretexts.org\/CalcPlot3D\/activities\/Abbrev%20Multiple%20Integral%20Review%20Activity-espanol.pdf\" target=\"_blank\" rel=\"noreferrer noopener\">PDF de la actividad para revisar Integraci\u00f3n Multiple<\/a><\/strong><br>\nSi quiere editarlo, use esto.:\u00a0 <strong><a href=\"https:\/\/c3d.libretexts.org\/CalcPlot3D\/activities\/Abbrev%20Multiple%20Integral%20Review%20Activity-espanol.docx\" target=\"_blank\" rel=\"noreferrer noopener\">Versi\u00f3n WORD de esta actividad<\/a><\/strong>\u00a0<\/p>\n<p>Env\u00edenos un correo electr\u00f3nico para recibir<strong> las soluciones<\/strong> a esta actividad.<\/p>\n<p>Haga clic aqu\u00ed para descargar los archivos STL para estas regiones como un archivo .zip: <strong><a href=\"https:\/\/sites.monroecc.edu\/multivariablecalculus\/multiple-integration-activity\/multintsolids\/\">MultIntSolids-STL_Files<\/a><\/strong><br>\nNote que esta versi\u00f3n abreviada de la actividad NO requiere las dos superficies:\u00a0 Red_Half Cylnder Wedge y Silver_Sphere Minus Cone.<\/p>","protected":false},"excerpt":{"rendered":"<p>Esta actividad est\u00e1 dise\u00f1ada para ayudar a los estudiantes a revisar su comprensi\u00f3n de integrales dobles y triples en varios sistemas de coordenadas. No dudes en adaptarlo para cubrir un subconjunto de estas opciones y que se adapte mejor a tu curso. Note que la versi\u00f3n en espa\u00f1ol es una versi\u00f3n abreviada de la versi\u00f3n [&#8230;]<\/p>\n","protected":false},"author":654,"featured_media":0,"parent":0,"menu_order":0,"comment_status":"closed","ping_status":"closed","template":"","meta":{"_acf_changed":false,"footnotes":""},"class_list":["post-541","page","type-page","status-publish","hentry"],"acf":[],"_links":{"self":[{"href":"https:\/\/sites.monroecc.edu\/multivariablecalculus\/wp-json\/wp\/v2\/pages\/541","targetHints":{"allow":["GET"]}}],"collection":[{"href":"https:\/\/sites.monroecc.edu\/multivariablecalculus\/wp-json\/wp\/v2\/pages"}],"about":[{"href":"https:\/\/sites.monroecc.edu\/multivariablecalculus\/wp-json\/wp\/v2\/types\/page"}],"author":[{"embeddable":true,"href":"https:\/\/sites.monroecc.edu\/multivariablecalculus\/wp-json\/wp\/v2\/users\/654"}],"replies":[{"embeddable":true,"href":"https:\/\/sites.monroecc.edu\/multivariablecalculus\/wp-json\/wp\/v2\/comments?post=541"}],"version-history":[{"count":3,"href":"https:\/\/sites.monroecc.edu\/multivariablecalculus\/wp-json\/wp\/v2\/pages\/541\/revisions"}],"predecessor-version":[{"id":622,"href":"https:\/\/sites.monroecc.edu\/multivariablecalculus\/wp-json\/wp\/v2\/pages\/541\/revisions\/622"}],"wp:attachment":[{"href":"https:\/\/sites.monroecc.edu\/multivariablecalculus\/wp-json\/wp\/v2\/media?parent=541"}],"curies":[{"name":"wp","href":"https:\/\/api.w.org\/{rel}","templated":true}]}}