{"id":532,"date":"2024-07-17T02:46:44","date_gmt":"2024-07-17T02:46:44","guid":{"rendered":"https:\/\/sites.monroecc.edu\/multivariablecalculus\/?page_id=532"},"modified":"2024-07-17T02:48:14","modified_gmt":"2024-07-17T02:48:14","slug":"actividad-de-aprendizaje-para-las-derivadas-parciales","status":"publish","type":"page","link":"https:\/\/sites.monroecc.edu\/multivariablecalculus\/actividad-de-aprendizaje-para-las-derivadas-parciales\/","title":{"rendered":"Actividad de Aprendizaje para las Derivadas Parciales"},"content":{"rendered":"<p><a href=\"http:\/\/sites.monroecc.edu\/multivariablecalculus\/files\/2023\/01\/ThreeMountains-scaled.jpg\" target=\"_blank\" rel=\"noreferrer noopener\"><img loading=\"lazy\" decoding=\"async\" class=\"alignnone size-large wp-image-377\" src=\"http:\/\/sites.monroecc.edu\/multivariablecalculus\/files\/2023\/01\/ThreeMountains-1024x768.jpg\" alt=\"Three 3D-printed mountainous surfaces\" width=\"594\" height=\"446\" srcset=\"https:\/\/sites.monroecc.edu\/multivariablecalculus\/files\/2023\/01\/ThreeMountains-1024x768.jpg 1024w, https:\/\/sites.monroecc.edu\/multivariablecalculus\/files\/2023\/01\/ThreeMountains-300x225.jpg 300w, https:\/\/sites.monroecc.edu\/multivariablecalculus\/files\/2023\/01\/ThreeMountains-768x576.jpg 768w, https:\/\/sites.monroecc.edu\/multivariablecalculus\/files\/2023\/01\/ThreeMountains-1536x1152.jpg 1536w, https:\/\/sites.monroecc.edu\/multivariablecalculus\/files\/2023\/01\/ThreeMountains-2048x1536.jpg 2048w\" sizes=\"auto, (max-width: 594px) 100vw, 594px\" \/><\/a><a href=\"http:\/\/sites.monroecc.edu\/multivariablecalculus\/files\/2023\/01\/20221116_234251-scaled.jpg\" target=\"_blank\" rel=\"noreferrer noopener\"><img loading=\"lazy\" decoding=\"async\" class=\"alignnone size-large wp-image-375\" src=\"http:\/\/sites.monroecc.edu\/multivariablecalculus\/files\/2023\/01\/20221116_234251-1024x1024.jpg\" alt=\"Green mountainous surface\" width=\"446\" height=\"446\" srcset=\"https:\/\/sites.monroecc.edu\/multivariablecalculus\/files\/2023\/01\/20221116_234251-1024x1024.jpg 1024w, https:\/\/sites.monroecc.edu\/multivariablecalculus\/files\/2023\/01\/20221116_234251-300x300.jpg 300w, https:\/\/sites.monroecc.edu\/multivariablecalculus\/files\/2023\/01\/20221116_234251-150x150.jpg 150w, https:\/\/sites.monroecc.edu\/multivariablecalculus\/files\/2023\/01\/20221116_234251-768x768.jpg 768w, https:\/\/sites.monroecc.edu\/multivariablecalculus\/files\/2023\/01\/20221116_234251-1536x1536.jpg 1536w, https:\/\/sites.monroecc.edu\/multivariablecalculus\/files\/2023\/01\/20221116_234251-2048x2048.jpg 2048w\" sizes=\"auto, (max-width: 446px) 100vw, 446px\" \/><\/a>\u00a0<\/p>\n<p>Esta actividad est\u00e1 dise\u00f1ada para ayudar a los estudiantes a obtener una intuici\u00f3n visual en 3D sobre el significado de la primera y segunda derivada parcial de una funci\u00f3n de dos variables. Les ense\u00f1amos a los estudiantes sobre el significado geom\u00e9trico de estos parciales antes de que completaran esta actividad.<\/p>\n<p>Consulta el PDF de esta actividad aqu\u00ed:\u00a0 <strong><a href=\"https:\/\/c3d.libretexts.org\/CalcPlot3D\/activities\/212LA-PartialDerivatives-espanol-v4-S24.pdf\" target=\"_blank\" rel=\"noreferrer noopener\">Descargar el PDF para esta actividad<\/a><\/strong><\/p>\n<p>Y si quiere editarlo:\u00a0<strong><a href=\"https:\/\/c3d.libretexts.org\/CalcPlot3D\/activities\/212LA-PartialDerivatives-espanol-v4-S24.docx\" target=\"_blank\" rel=\"noreferrer noopener\">Versi\u00f3n WORD de esta Actividad<\/a><\/strong><\/p>\n<h5>Archivos de las 3 superficies monta\u00f1osas utilizadas en esta actividad (y en la actividad de gr\u00e1ficas de contornos):<\/h5>\n<p>Haga clic aqu\u00ed para descargar los archivos STL para las tres superficies monta\u00f1osas correspondientes como un archivo .zip:<\/p>\n<p>\u00a0 <strong><a href=\"https:\/\/sites.monroecc.edu\/multivariablecalculus\/3d-learning-activities\/actividades-de-aprendizaje-spanish\/\" target=\"_blank\" rel=\"noreferrer noopener\">Descargar los archivos STL para las superficies monta\u00f1osos como archivo .zip<\/a><\/strong><\/p>\n<p>Haga clic aqu\u00ed para descargar los archivos Cura .3mf para las tres superficies monta\u00f1osas correspondientes como un archivo .zip:<br>\n\u00a0 <strong><a href=\"https:\/\/sites.monroecc.edu\/multivariablecalculus\/learning-activity-for-the-shell-and-washer-methods\/mountains-3mf-curafiles\/\" target=\"_blank\" rel=\"noreferrer noopener\">Descargar los archivos .3mf para Cura como archivo .zip<\/a><\/strong><\/p>","protected":false},"excerpt":{"rendered":"<p>\u00a0 Esta actividad est\u00e1 dise\u00f1ada para ayudar a los estudiantes a obtener una intuici\u00f3n visual en 3D sobre el significado de la primera y segunda derivada parcial de una funci\u00f3n de dos variables. Les ense\u00f1amos a los estudiantes sobre el significado geom\u00e9trico de estos parciales antes de que completaran esta actividad. Consulta el PDF de [&#8230;]<\/p>\n","protected":false},"author":654,"featured_media":0,"parent":0,"menu_order":0,"comment_status":"closed","ping_status":"closed","template":"","meta":{"_acf_changed":false,"footnotes":""},"class_list":["post-532","page","type-page","status-publish","hentry"],"acf":[],"_links":{"self":[{"href":"https:\/\/sites.monroecc.edu\/multivariablecalculus\/wp-json\/wp\/v2\/pages\/532","targetHints":{"allow":["GET"]}}],"collection":[{"href":"https:\/\/sites.monroecc.edu\/multivariablecalculus\/wp-json\/wp\/v2\/pages"}],"about":[{"href":"https:\/\/sites.monroecc.edu\/multivariablecalculus\/wp-json\/wp\/v2\/types\/page"}],"author":[{"embeddable":true,"href":"https:\/\/sites.monroecc.edu\/multivariablecalculus\/wp-json\/wp\/v2\/users\/654"}],"replies":[{"embeddable":true,"href":"https:\/\/sites.monroecc.edu\/multivariablecalculus\/wp-json\/wp\/v2\/comments?post=532"}],"version-history":[{"count":2,"href":"https:\/\/sites.monroecc.edu\/multivariablecalculus\/wp-json\/wp\/v2\/pages\/532\/revisions"}],"predecessor-version":[{"id":535,"href":"https:\/\/sites.monroecc.edu\/multivariablecalculus\/wp-json\/wp\/v2\/pages\/532\/revisions\/535"}],"wp:attachment":[{"href":"https:\/\/sites.monroecc.edu\/multivariablecalculus\/wp-json\/wp\/v2\/media?parent=532"}],"curies":[{"name":"wp","href":"https:\/\/api.w.org\/{rel}","templated":true}]}}