{"id":529,"date":"2024-07-17T02:41:14","date_gmt":"2024-07-17T02:41:14","guid":{"rendered":"https:\/\/sites.monroecc.edu\/multivariablecalculus\/?page_id=529"},"modified":"2024-07-17T02:41:14","modified_gmt":"2024-07-17T02:41:14","slug":"actividad-de-aprendizaje-para-graficas-de-contornos","status":"publish","type":"page","link":"https:\/\/sites.monroecc.edu\/multivariablecalculus\/actividad-de-aprendizaje-para-graficas-de-contornos\/","title":{"rendered":"Actividad de Aprendizaje para Gr\u00e1ficas de Contornos"},"content":{"rendered":"<p><a href=\"http:\/\/sites.monroecc.edu\/multivariablecalculus\/files\/2023\/01\/20221021_003434-scaled.jpg\" target=\"_blank\" rel=\"noreferrer noopener\"><img loading=\"lazy\" decoding=\"async\" class=\"alignnone size-large wp-image-376\" src=\"http:\/\/sites.monroecc.edu\/multivariablecalculus\/files\/2023\/01\/20221021_003434-1024x1024.jpg\" alt=\"Mountainous surface with contours drawn on it\" width=\"446\" height=\"446\" srcset=\"https:\/\/sites.monroecc.edu\/multivariablecalculus\/files\/2023\/01\/20221021_003434-1024x1024.jpg 1024w, https:\/\/sites.monroecc.edu\/multivariablecalculus\/files\/2023\/01\/20221021_003434-300x300.jpg 300w, https:\/\/sites.monroecc.edu\/multivariablecalculus\/files\/2023\/01\/20221021_003434-150x150.jpg 150w, https:\/\/sites.monroecc.edu\/multivariablecalculus\/files\/2023\/01\/20221021_003434-768x768.jpg 768w, https:\/\/sites.monroecc.edu\/multivariablecalculus\/files\/2023\/01\/20221021_003434-1536x1536.jpg 1536w, https:\/\/sites.monroecc.edu\/multivariablecalculus\/files\/2023\/01\/20221021_003434-2048x2048.jpg 2048w\" sizes=\"auto, (max-width: 446px) 100vw, 446px\" \/><\/a><\/p>\n<p>Esta actividad est\u00e1 dise\u00f1ada para ayudar a los estudiantes a adquirir intuici\u00f3n visual 3D en las gr\u00e1ficas de contornos a medida que se presenta el tema.<\/p>\n<p>Consulta el PDF de esta actividad aqu\u00ed:\u00a0 <strong><a href=\"https:\/\/c3d.libretexts.org\/CalcPlot3D\/activities\/212LA-ContourPlots-espanol-v3F23.pdf\" target=\"_blank\" rel=\"noreferrer noopener\">Descargar el PDF para esta actividad<\/a><\/strong><\/p>\n<p>Y si quiere editarlo:\u00a0<strong><a href=\"https:\/\/c3d.libretexts.org\/CalcPlot3D\/activities\/212LA-ContourPlots-espanol-v3F23.docx\" target=\"_blank\" rel=\"noreferrer noopener\">Versi\u00f3n WORD de esta Actividad<\/a><\/strong><\/p>\n<h5>Archivos de las 3 superficies monta\u00f1osas utilizadas en esta actividad (y en la actividad de derivadas parciales):<\/h5>\n<p>Haga clic aqu\u00ed para descargar los archivos STL para las tres superficies monta\u00f1osas correspondientes como un archivo .zip:<\/p>\n<p>\u00a0 <strong><a href=\"https:\/\/sites.monroecc.edu\/multivariablecalculus\/3d-learning-activities\/actividades-de-aprendizaje-spanish\/\" target=\"_blank\" rel=\"noreferrer noopener\">Descargar los archivos STL para las superficies monta\u00f1osos como archivo .zip<\/a><\/strong><\/p>\n<p>Haga clic aqu\u00ed para descargar los archivos Cura .3mf para las tres superficies monta\u00f1osas correspondientes como un archivo .zip:<br>\n\u00a0 <strong><a href=\"https:\/\/sites.monroecc.edu\/multivariablecalculus\/learning-activity-for-the-shell-and-washer-methods\/mountains-3mf-curafiles\/\" target=\"_blank\" rel=\"noreferrer noopener\">Descargar los archivos .3mf para Cura como archivo .zip<\/a><\/strong><\/p>","protected":false},"excerpt":{"rendered":"<p>Esta actividad est\u00e1 dise\u00f1ada para ayudar a los estudiantes a adquirir intuici\u00f3n visual 3D en las gr\u00e1ficas de contornos a medida que se presenta el tema. Consulta el PDF de esta actividad aqu\u00ed:\u00a0 Descargar el PDF para esta actividad Y si quiere editarlo:\u00a0Versi\u00f3n WORD de esta Actividad Archivos de las 3 superficies monta\u00f1osas utilizadas en [&#8230;]<\/p>\n","protected":false},"author":654,"featured_media":0,"parent":0,"menu_order":0,"comment_status":"closed","ping_status":"closed","template":"","meta":{"_acf_changed":false,"footnotes":""},"class_list":["post-529","page","type-page","status-publish","hentry"],"acf":[],"_links":{"self":[{"href":"https:\/\/sites.monroecc.edu\/multivariablecalculus\/wp-json\/wp\/v2\/pages\/529","targetHints":{"allow":["GET"]}}],"collection":[{"href":"https:\/\/sites.monroecc.edu\/multivariablecalculus\/wp-json\/wp\/v2\/pages"}],"about":[{"href":"https:\/\/sites.monroecc.edu\/multivariablecalculus\/wp-json\/wp\/v2\/types\/page"}],"author":[{"embeddable":true,"href":"https:\/\/sites.monroecc.edu\/multivariablecalculus\/wp-json\/wp\/v2\/users\/654"}],"replies":[{"embeddable":true,"href":"https:\/\/sites.monroecc.edu\/multivariablecalculus\/wp-json\/wp\/v2\/comments?post=529"}],"version-history":[{"count":1,"href":"https:\/\/sites.monroecc.edu\/multivariablecalculus\/wp-json\/wp\/v2\/pages\/529\/revisions"}],"predecessor-version":[{"id":530,"href":"https:\/\/sites.monroecc.edu\/multivariablecalculus\/wp-json\/wp\/v2\/pages\/529\/revisions\/530"}],"wp:attachment":[{"href":"https:\/\/sites.monroecc.edu\/multivariablecalculus\/wp-json\/wp\/v2\/media?parent=529"}],"curies":[{"name":"wp","href":"https:\/\/api.w.org\/{rel}","templated":true}]}}