{"id":519,"date":"2024-07-16T20:02:29","date_gmt":"2024-07-16T20:02:29","guid":{"rendered":"https:\/\/sites.monroecc.edu\/multivariablecalculus\/?page_id=519"},"modified":"2024-07-17T03:10:48","modified_gmt":"2024-07-17T03:10:48","slug":"actividades-de-aprendizaje-spanish","status":"publish","type":"page","link":"https:\/\/sites.monroecc.edu\/multivariablecalculus\/3d-learning-activities\/actividades-de-aprendizaje-spanish\/","title":{"rendered":"Actividades de Aprendizaje (Spanish versions)"},"content":{"rendered":"<p>Esta p\u00e1gina incluye una serie de actividades de aprendizaje guiadas para grupos peque\u00f1os basadas en superficies impresas en 3D para diversos temas de c\u00e1lculo simple y multivariable. Todos est\u00e1n bajo una licencia <a href=\"https:\/\/creativecommons.org\/licenses\/by-nc\/4.0\/deed.es\" target=\"_blank\" rel=\"noreferrer noopener\"><strong>Creative Commons BY-NC 4.0<\/strong><\/a>.<\/p>\n<p>Estas actividades se est\u00e1n desarrollando con el apoyo de la <strong>NSF (NSF-IUSE-2121152)<\/strong>. Es probable que a\u00fan no est\u00e9n en su forma final, ya que continuaremos utilizando los comentarios y la experiencia para revisarlos y mejorarlos de forma iterativa. Si tienes alguna sugerencia, \u00a1no dude en compartirla con nosotros!<\/p>\n<p>Tenga en cuenta que cada actividad incluye los archivos STL (o los archivos Cura .3mf) necesarios para imprimir en 3D las superficies correspondientes.<\/p>\n<ol>\n\t<li><strong><a href=\"https:\/\/sites.monroecc.edu\/multivariablecalculus\/actividad-de-aprendizaje-de-capas-y-arandelas\/\">Actividad de aprendizaje de Capas y Arandelas<\/a> (volumen de revoluci\u00f3n)<\/strong><\/li>\n\t<li><a href=\"https:\/\/sites.monroecc.edu\/multivariablecalculus\/actividad-de-aprendizaje-para-graficas-de-contornos\/\"><strong>Actividad de aprendizaje de Introducci\u00f3n a las gr\u00e1ficas de contorno<\/strong><\/a><\/li>\n\t<li><a href=\"https:\/\/sites.monroecc.edu\/multivariablecalculus\/actividad-de-aprendizaje-para-las-derivadas-parciales\/\"><strong>Actividad de aprendizaje de las derivadas parciales<\/strong><\/a><\/li>\n\t<li><a href=\"https:\/\/sites.monroecc.edu\/multivariablecalculus\/actividad-de-aprendizaje-de-multiplicadores-de-lagrange\/\"><strong>Actividad de aprendizaje sobre multiplicadores de Lagrange <\/strong><\/a>(tenga en cuenta que esta utiliza una superficie monta\u00f1osa termoformada de pl\u00e1stico transparente)<\/li>\n\t<li><a href=\"https:\/\/sites.monroecc.edu\/multivariablecalculus\/actividad-de-aprendizaje-para-revisar-integracion-multiple\/\"><strong>Actividad para Revisar Integraci\u00f3n M\u00faltiple<\/strong><\/a> (que representa regiones de integraci\u00f3n con integrales en varios sistemas de coordenadas)<\/li>\n<\/ol>","protected":false},"excerpt":{"rendered":"<p>Esta p\u00e1gina incluye una serie de actividades de aprendizaje guiadas para grupos peque\u00f1os basadas en superficies impresas en 3D para diversos temas de c\u00e1lculo simple y multivariable. Todos est\u00e1n bajo una licencia Creative Commons BY-NC 4.0. Estas actividades se est\u00e1n desarrollando con el apoyo de la NSF (NSF-IUSE-2121152). Es probable que a\u00fan no est\u00e9n en [&#8230;]<\/p>\n","protected":false},"author":654,"featured_media":0,"parent":366,"menu_order":0,"comment_status":"closed","ping_status":"closed","template":"","meta":{"_acf_changed":false,"footnotes":""},"class_list":["post-519","page","type-page","status-publish","hentry"],"acf":[],"_links":{"self":[{"href":"https:\/\/sites.monroecc.edu\/multivariablecalculus\/wp-json\/wp\/v2\/pages\/519","targetHints":{"allow":["GET"]}}],"collection":[{"href":"https:\/\/sites.monroecc.edu\/multivariablecalculus\/wp-json\/wp\/v2\/pages"}],"about":[{"href":"https:\/\/sites.monroecc.edu\/multivariablecalculus\/wp-json\/wp\/v2\/types\/page"}],"author":[{"embeddable":true,"href":"https:\/\/sites.monroecc.edu\/multivariablecalculus\/wp-json\/wp\/v2\/users\/654"}],"replies":[{"embeddable":true,"href":"https:\/\/sites.monroecc.edu\/multivariablecalculus\/wp-json\/wp\/v2\/comments?post=519"}],"version-history":[{"count":10,"href":"https:\/\/sites.monroecc.edu\/multivariablecalculus\/wp-json\/wp\/v2\/pages\/519\/revisions"}],"predecessor-version":[{"id":543,"href":"https:\/\/sites.monroecc.edu\/multivariablecalculus\/wp-json\/wp\/v2\/pages\/519\/revisions\/543"}],"up":[{"embeddable":true,"href":"https:\/\/sites.monroecc.edu\/multivariablecalculus\/wp-json\/wp\/v2\/pages\/366"}],"wp:attachment":[{"href":"https:\/\/sites.monroecc.edu\/multivariablecalculus\/wp-json\/wp\/v2\/media?parent=519"}],"curies":[{"name":"wp","href":"https:\/\/api.w.org\/{rel}","templated":true}]}}